{"id":7345,"date":"2023-12-15T09:55:48","date_gmt":"2023-12-15T09:55:48","guid":{"rendered":"https:\/\/clinichedentalquality.com\/unsere-garantien\/"},"modified":"2025-07-14T13:27:24","modified_gmt":"2025-07-14T13:27:24","slug":"unsere-garantien","status":"publish","type":"page","link":"https:\/\/clinichedentalquality.com\/de\/unsere-garantien\/","title":{"rendered":"Unsere Garantien"},"content":{"rendered":"\t\t<div data-elementor-type=\"wp-page\" data-elementor-id=\"7345\" class=\"elementor elementor-7345 elementor-94\" data-elementor-post-type=\"page\">\n\t\t\t\t<div class=\"elementor-element elementor-element-289a30d3 e-con-full e-flex e-con e-parent\" data-id=\"289a30d3\" data-element_type=\"container\" data-e-type=\"container\" data-settings=\"{&quot;background_background&quot;:&quot;classic&quot;,&quot;background_motion_fx_motion_fx_scrolling&quot;:&quot;yes&quot;,&quot;background_motion_fx_translateY_effect&quot;:&quot;yes&quot;,&quot;background_motion_fx_scale_effect&quot;:&quot;yes&quot;,&quot;background_motion_fx_translateY_speed&quot;:{&quot;unit&quot;:&quot;px&quot;,&quot;size&quot;:4,&quot;sizes&quot;:[]},&quot;background_motion_fx_translateY_affectedRange&quot;:{&quot;unit&quot;:&quot;%&quot;,&quot;size&quot;:&quot;&quot;,&quot;sizes&quot;:{&quot;start&quot;:0,&quot;end&quot;:100}},&quot;background_motion_fx_scale_direction&quot;:&quot;out-in&quot;,&quot;background_motion_fx_scale_speed&quot;:{&quot;unit&quot;:&quot;px&quot;,&quot;size&quot;:4,&quot;sizes&quot;:[]},&quot;background_motion_fx_scale_range&quot;:{&quot;unit&quot;:&quot;%&quot;,&quot;size&quot;:&quot;&quot;,&quot;sizes&quot;:{&quot;start&quot;:20,&quot;end&quot;:80}},&quot;background_motion_fx_devices&quot;:[&quot;desktop&quot;,&quot;tablet&quot;,&quot;mobile&quot;]}\">\n\t\t\t\t<\/div>\n\t\t<div class=\"elementor-element elementor-element-3c3ef3fe e-flex e-con-boxed e-con e-parent\" data-id=\"3c3ef3fe\" data-element_type=\"container\" data-e-type=\"container\">\n\t\t\t\t\t<div class=\"e-con-inner\">\n\t\t\t\t<div class=\"elementor-element elementor-element-74068ca0 elementor-widget elementor-widget-heading\" data-id=\"74068ca0\" data-element_type=\"widget\" data-e-type=\"widget\" data-widget_type=\"heading.default\">\n\t\t\t\t<div class=\"elementor-widget-container\">\n\t\t\t\t\t<h2 class=\"elementor-heading-title elementor-size-default\">Der Garantieplan der CLINICHE DENTAL QUALITY erm\u00f6glicht es unseren Patienten, auch nach der R\u00fcckkehr nach Hause beruhigt zu sein, da sie sicher sein k\u00f6nnen, jederzeit auf die Unterst\u00fctzung unseres Teams von Fachleuten z\u00e4hlen zu k\u00f6nnen.<\/h2>\t\t\t\t<\/div>\n\t\t\t\t<\/div>\n\t\t\t\t\t<\/div>\n\t\t\t\t<\/div>\n\t\t<div class=\"elementor-element elementor-element-6cfac5af e-con-full e-flex e-con e-parent\" data-id=\"6cfac5af\" data-element_type=\"container\" data-e-type=\"container\" data-settings=\"{&quot;background_background&quot;:&quot;classic&quot;}\">\n\t\t<div class=\"elementor-element elementor-element-403a4462 e-con-full e-flex e-con e-child\" data-id=\"403a4462\" data-element_type=\"container\" data-e-type=\"container\">\n\t\t\t\t<div class=\"elementor-element elementor-element-30e7efc1 elementor-widget elementor-widget-text-editor\" data-id=\"30e7efc1\" data-element_type=\"widget\" data-e-type=\"widget\" data-widget_type=\"text-editor.default\">\n\t\t\t\t<div class=\"elementor-widget-container\">\n\t\t\t\t\t\t\t\t\t<p>Bei <span class=\"cdq\">Cliniche Dental Quality<\/span> begleiten wir unsere Patienten Schritt f\u00fcr Schritt vom Anfang bis zum Ende der Behandlung. Bei der ersten \u00e4rztlichen Behandlung stellen wir eine komplette radiologische digitale Diagnostik (Panorama-R\u00f6ntgenaufnahme, intraorale R\u00f6ntgenbilder) unverbindlich zur Verf\u00fcgung.<br>Auf Grund dieses ersten Termins und der <strong>W\u00fcnsche des Patienten<\/strong> wird ein <strong>pers\u00f6nlicher Betreuungsplan<\/strong> angefertigt. Das Verh\u00e4ltnis Arzt \u2013 Patient spielt eine bedeutende Rolle f\u00fcr uns, da wir versuchen auf den Patienten und seine Bed\u00fcrfnisse einzugehen. Eine Entscheidung hinsichtlich der Behandlung soll zusammen getroffen werden, weil die offensichtlichste L\u00f6sung f\u00fcr den Arzt nicht immer die beste f\u00fcr den Patienten ist.  <\/p><p>Ein gesundes und aufrichtiges L\u00e4cheln ist f\u00fcr uns ein Ma\u00dfstab f\u00fcr die Zufriedenheit des Patienten und letztere steht f\u00fcr uns an erster Stelle. Wir garantieren ein <strong>sorgenfreies L\u00e4cheln<\/strong>, dank gesunder und sorgf\u00e4ltig gepflegter Z\u00e4hne, durch die Wahl von richtigen Experten, die die jeweilige Behandlung in v\u00f6lliger Sicherheit und Komfort erledigen. <\/p><p>Daf\u00fcr haben wir einen <strong>Sicherheitsplan<\/strong> aufgestellt, der es den Patienten erm\u00f6glicht sich auch nach der Behandlung in der Praxis wohlzuf\u00fchlen. Unsere Patienten k\u00f6nnen auf unser Expertenteam z\u00e4hlen, dieses wird die eventuellen Probleme im Zusammenhang mit dem Eingriff auch in den folgenden Jahren beseitigen. <\/p>\t\t\t\t\t\t\t\t<\/div>\n\t\t\t\t<\/div>\n\t\t\t\t<\/div>\n\t\t<div class=\"elementor-element elementor-element-3889ecfe e-con-full e-flex e-con e-child\" data-id=\"3889ecfe\" data-element_type=\"container\" data-e-type=\"container\" data-settings=\"{&quot;background_background&quot;:&quot;classic&quot;}\">\n\t\t\t\t<div class=\"elementor-element elementor-element-7ffa668 elementor-position-top elementor-widget elementor-widget-image-box\" data-id=\"7ffa668\" data-element_type=\"widget\" data-e-type=\"widget\" data-widget_type=\"image-box.default\">\n\t\t\t\t<div class=\"elementor-widget-container\">\n\t\t\t\t\t<div class=\"elementor-image-box-wrapper\"><figure class=\"elementor-image-box-img\"><img fetchpriority=\"high\" decoding=\"async\" width=\"1500\" height=\"844\" src=\"https:\/\/clinichedentalquality.com\/wp-content\/uploads\/2024\/03\/passaporto-impianti.jpg\" class=\"attachment-full size-full wp-image-6567\" alt=\"\" srcset=\"https:\/\/clinichedentalquality.com\/wp-content\/uploads\/2024\/03\/passaporto-impianti.jpg 1500w, https:\/\/clinichedentalquality.com\/wp-content\/uploads\/2024\/03\/passaporto-impianti-300x169.jpg 300w, https:\/\/clinichedentalquality.com\/wp-content\/uploads\/2024\/03\/passaporto-impianti-1024x576.jpg 1024w, https:\/\/clinichedentalquality.com\/wp-content\/uploads\/2024\/03\/passaporto-impianti-768x432.jpg 768w\" sizes=\"(max-width: 1500px) 100vw, 1500px\" \/><\/figure><div class=\"elementor-image-box-content\"><h3 class=\"elementor-image-box-title\">Implantatbehandlung<\/h3><p class=\"elementor-image-box-description\">Alle Patienten, die sich einer Implantatbehandlung unterziehen, bekommen einen \u201cImplantat-Pass\u201d. Dieses Dokument enth\u00e4lt das Qualit\u00e4tszertifikat des eingesetzten Implantats.<\/p><\/div><\/div>\t\t\t\t<\/div>\n\t\t\t\t<\/div>\n\t\t\t\t<\/div>\n\t\t\t\t<\/div>\n\t\t<div class=\"elementor-element elementor-element-2b67e8aa e-flex e-con-boxed e-con e-parent\" data-id=\"2b67e8aa\" data-element_type=\"container\" data-e-type=\"container\">\n\t\t\t\t\t<div class=\"e-con-inner\">\n\t\t\t\t<div class=\"elementor-element elementor-element-251099fa elementor-widget elementor-widget-heading\" data-id=\"251099fa\" data-element_type=\"widget\" data-e-type=\"widget\" data-widget_type=\"heading.default\">\n\t\t\t\t<div class=\"elementor-widget-container\">\n\t\t\t\t\t<h2 class=\"elementor-heading-title elementor-size-default\">Unsere Garantien:<\/h2>\t\t\t\t<\/div>\n\t\t\t\t<\/div>\n\t\t<div class=\"elementor-element elementor-element-4580b519 e-con-full e-flex e-con e-child\" data-id=\"4580b519\" data-element_type=\"container\" data-e-type=\"container\" data-settings=\"{&quot;background_background&quot;:&quot;classic&quot;}\">\n\t\t\t\t<div class=\"elementor-element elementor-element-4eec2a0 elementor-widget__width-initial elementor-widget-mobile__width-inherit elementor-widget elementor-widget-price-table\" data-id=\"4eec2a0\" data-element_type=\"widget\" data-e-type=\"widget\" data-widget_type=\"price-table.default\">\n\t\t\t\t<div class=\"elementor-widget-container\">\n\t\t\t\t\t\n\t\t<div class=\"elementor-price-table\">\n\t\t\t\t\t\t\t<div class=\"elementor-price-table__header\">\n\t\t\t\t\t\t\t\t\t\t\t<h3 class=\"elementor-price-table__heading\">\n\t\t\t\t\t\t3 JAHRE\t\t\t\t\t\t<\/h3>\n\t\t\t\t\t\n\t\t\t\t\t\t\t\t\t\t\t<span class=\"elementor-price-table__subheading\">\n\t\t\t\t\t\t\tgarantie\t\t\t\t\t\t<\/span>\n\t\t\t\t\t\t\t\t\t<\/div>\n\t\t\t\n\t\t\t<div class=\"elementor-price-table__price\">\n\t\t\t\t\t\t\t\t\t\t\t\t\n\t\t\t\t\n\t\t\t\t\n\t\t\t\t\t\t\t<\/div>\n\n\t\t\t\t\t\t\t<ul class=\"elementor-price-table__features-list\">\n\t\t\t\t\t\t\t\t\t\t\t<li class=\"elementor-repeater-item-6afd719\">\n\t\t\t\t\t\t\t<div class=\"elementor-price-table__feature-inner\">\n\t\t\t\t\t\t\t\t\t\t\t\t\t\t\t\t\t\t\t\t\t\t\t\t\t<span >\n\t\t\t\t\t\t\t\t\t\tZahnf\u00fcllungen\t\t\t\t\t\t\t\t\t<\/span>\n\t\t\t\t\t\t\t\t\t\t\t\t\t\t\t\t<\/div>\n\t\t\t\t\t\t<\/li>\n\t\t\t\t\t\t\t\t\t\t\t<li class=\"elementor-repeater-item-fc718bc\">\n\t\t\t\t\t\t\t<div class=\"elementor-price-table__feature-inner\">\n\t\t\t\t\t\t\t\t\t\t\t\t\t\t\t\t\t\t\t\t\t\t\t\t\t<span >\n\t\t\t\t\t\t\t\t\t\tZahnrekonstruktion mit Composite\t\t\t\t\t\t\t\t\t<\/span>\n\t\t\t\t\t\t\t\t\t\t\t\t\t\t\t\t<\/div>\n\t\t\t\t\t\t<\/li>\n\t\t\t\t\t\t\t\t\t\t\t<li class=\"elementor-repeater-item-da0ea89\">\n\t\t\t\t\t\t\t<div class=\"elementor-price-table__feature-inner\">\n\t\t\t\t\t\t\t\t\t\t\t\t\t\t\t\t\t\t\t\t\t\t\t\t\t<span >\n\t\t\t\t\t\t\t\t\t\tToronto Prothesen mit Titanharz\t\t\t\t\t\t\t\t\t<\/span>\n\t\t\t\t\t\t\t\t\t\t\t\t\t\t\t\t<\/div>\n\t\t\t\t\t\t<\/li>\n\t\t\t\t\t\t\t\t\t<\/ul>\n\t\t\t\n\t\t\t\t\t<\/div>\n\n\t\t\t\t\t\t<\/div>\n\t\t\t\t<\/div>\n\t\t\t\t<div class=\"elementor-element elementor-element-bc1cd9d elementor-widget__width-initial elementor-widget-mobile__width-inherit elementor-widget elementor-widget-price-table\" data-id=\"bc1cd9d\" data-element_type=\"widget\" data-e-type=\"widget\" data-widget_type=\"price-table.default\">\n\t\t\t\t<div class=\"elementor-widget-container\">\n\t\t\t\t\t\n\t\t<div class=\"elementor-price-table\">\n\t\t\t\t\t\t\t<div class=\"elementor-price-table__header\">\n\t\t\t\t\t\t\t\t\t\t\t<h3 class=\"elementor-price-table__heading\">\n\t\t\t\t\t\t5 JAHRE\t\t\t\t\t\t<\/h3>\n\t\t\t\t\t\n\t\t\t\t\t\t\t\t\t\t\t<span class=\"elementor-price-table__subheading\">\n\t\t\t\t\t\t\tgarantie\t\t\t\t\t\t<\/span>\n\t\t\t\t\t\t\t\t\t<\/div>\n\t\t\t\n\t\t\t<div class=\"elementor-price-table__price\">\n\t\t\t\t\t\t\t\t\t\t\t\t\n\t\t\t\t\n\t\t\t\t\n\t\t\t\t\t\t\t<\/div>\n\n\t\t\t\t\t\t\t<ul class=\"elementor-price-table__features-list\">\n\t\t\t\t\t\t\t\t\t\t\t<li class=\"elementor-repeater-item-6afd719\">\n\t\t\t\t\t\t\t<div class=\"elementor-price-table__feature-inner\">\n\t\t\t\t\t\t\t\t\t\t\t\t\t\t\t\t\t\t\t\t\t\t\t\t\t<span >\n\t\t\t\t\t\t\t\t\t\tZahnkronen\t\t\t\t\t\t\t\t\t<\/span>\n\t\t\t\t\t\t\t\t\t\t\t\t\t\t\t\t<\/div>\n\t\t\t\t\t\t<\/li>\n\t\t\t\t\t\t\t\t\t\t\t<li class=\"elementor-repeater-item-fc718bc\">\n\t\t\t\t\t\t\t<div class=\"elementor-price-table__feature-inner\">\n\t\t\t\t\t\t\t\t\t\t\t\t\t\t\t\t\t\t\t\t\t\t\t\t\t<span >\n\t\t\t\t\t\t\t\t\t\tToronto Prothesen mit Composite\t\t\t\t\t\t\t\t\t<\/span>\n\t\t\t\t\t\t\t\t\t\t\t\t\t\t\t\t<\/div>\n\t\t\t\t\t\t<\/li>\n\t\t\t\t\t\t\t\t\t<\/ul>\n\t\t\t\n\t\t\t\t\t<\/div>\n\n\t\t\t\t\t\t<\/div>\n\t\t\t\t<\/div>\n\t\t\t\t<div class=\"elementor-element elementor-element-500862e elementor-widget__width-initial elementor-widget-mobile__width-inherit elementor-widget elementor-widget-price-table\" data-id=\"500862e\" data-element_type=\"widget\" data-e-type=\"widget\" data-widget_type=\"price-table.default\">\n\t\t\t\t<div class=\"elementor-widget-container\">\n\t\t\t\t\t\n\t\t<div class=\"elementor-price-table\">\n\t\t\t\t\t\t\t<div class=\"elementor-price-table__header\">\n\t\t\t\t\t\t\t\t\t\t\t<h3 class=\"elementor-price-table__heading\">\n\t\t\t\t\t\t8 JAHRE\t\t\t\t\t\t<\/h3>\n\t\t\t\t\t\n\t\t\t\t\t\t\t\t\t\t\t<span class=\"elementor-price-table__subheading\">\n\t\t\t\t\t\t\tgarantie\t\t\t\t\t\t<\/span>\n\t\t\t\t\t\t\t\t\t<\/div>\n\t\t\t\n\t\t\t<div class=\"elementor-price-table__price\">\n\t\t\t\t\t\t\t\t\t\t\t\t\n\t\t\t\t\n\t\t\t\t\n\t\t\t\t\t\t\t<\/div>\n\n\t\t\t\t\t\t\t<ul class=\"elementor-price-table__features-list\">\n\t\t\t\t\t\t\t\t\t\t\t<li class=\"elementor-repeater-item-6afd719\">\n\t\t\t\t\t\t\t<div class=\"elementor-price-table__feature-inner\">\n\t\t\t\t\t\t\t\t\t\t\t\t\t\t\t\t\t\t\t\t\t\t\t\t\t<span >\n\t\t\t\t\t\t\t\t\t\tTitanimplantate\t\t\t\t\t\t\t\t\t<\/span>\n\t\t\t\t\t\t\t\t\t\t\t\t\t\t\t\t<\/div>\n\t\t\t\t\t\t<\/li>\n\t\t\t\t\t\t\t\t\t\t\t<li class=\"elementor-repeater-item-fc718bc\">\n\t\t\t\t\t\t\t<div class=\"elementor-price-table__feature-inner\">\n\t\t\t\t\t\t\t\t\t\t\t\t\t\t\t\t\t\t\t\t\t\t\t\t\t<span >\n\t\t\t\t\t\t\t\t\t\tZahnkronen\t\t\t\t\t\t\t\t\t<\/span>\n\t\t\t\t\t\t\t\t\t\t\t\t\t\t\t\t<\/div>\n\t\t\t\t\t\t<\/li>\n\t\t\t\t\t\t\t\t\t\t\t<li class=\"elementor-repeater-item-da0ea89\">\n\t\t\t\t\t\t\t<div class=\"elementor-price-table__feature-inner\">\n\t\t\t\t\t\t\t\t\t\t\t\t\t\t\t\t\t\t\t\t\t\t\t\t\t<span >\n\t\t\t\t\t\t\t\t\t\tKeramikprothesen\t\t\t\t\t\t\t\t\t<\/span>\n\t\t\t\t\t\t\t\t\t\t\t\t\t\t\t\t<\/div>\n\t\t\t\t\t\t<\/li>\n\t\t\t\t\t\t\t\t\t<\/ul>\n\t\t\t\n\t\t\t\t\t<\/div>\n\n\t\t\t\t\t\t<\/div>\n\t\t\t\t<\/div>\n\t\t\t\t<\/div>\n\t\t\t\t<div class=\"elementor-element elementor-element-9c71de1 elementor-widget elementor-widget-text-editor\" data-id=\"9c71de1\" data-element_type=\"widget\" data-e-type=\"widget\" data-widget_type=\"text-editor.default\">\n\t\t\t\t<div class=\"elementor-widget-container\">\n\t\t\t\t\t\t\t\t\t<p>Um die G\u00fcltigkeit unserer Garantien zu gew\u00e4hrleisten, erwarten wir von unseren Patienten, die regelm\u00e4\u00dfigen Kontrollen, die geplanten Einladungen zur <a href=\"https:\/\/clinichedentalquality.com\/de\/mundhygiene-und-vorbeugung\/\">professionellen Hygiene<\/a> und die ordnungsgem\u00e4\u00dfe t\u00e4gliche Pflege zu Hause zu respektieren, damit die durchgef\u00fchrten Arbeiten nicht gef\u00e4hrdet werden.<\/p>\t\t\t\t\t\t\t\t<\/div>\n\t\t\t\t<\/div>\n\t\t\t\t\t<\/div>\n\t\t\t\t<\/div>\n\t\t<div class=\"elementor-element elementor-element-e58caaa e-flex e-con-boxed e-con e-parent\" data-id=\"e58caaa\" data-element_type=\"container\" data-e-type=\"container\">\n\t\t\t\t\t<div class=\"e-con-inner\">\n\t\t\t\t<div class=\"elementor-element elementor-element-66effd13 elementor-widget elementor-widget-heading\" data-id=\"66effd13\" data-element_type=\"widget\" data-e-type=\"widget\" data-widget_type=\"heading.default\">\n\t\t\t\t<div class=\"elementor-widget-container\">\n\t\t\t\t\t<h2 class=\"elementor-heading-title elementor-size-default\">Wenn Ihnen Ihr L\u00e4cheln am Herzen liegt, <b>stehen wir Ihnen jederzeit zur Seite<\/b>, um es zu erhalten, zu versch\u00f6nern und bestm\u00f6glich zu pflegen.<\/h2>\t\t\t\t<\/div>\n\t\t\t\t<\/div>\n\t\t\t\t<div class=\"elementor-element elementor-element-2b3816f3 elementor-widget elementor-widget-heading\" data-id=\"2b3816f3\" data-element_type=\"widget\" data-e-type=\"widget\" data-widget_type=\"heading.default\">\n\t\t\t\t<div class=\"elementor-widget-container\">\n\t\t\t\t\t<h2 class=\"elementor-heading-title elementor-size-default\">Kontaktieren Sie uns f\u00fcr einen ersten unverbindlichen Termin!<\/h2>\t\t\t\t<\/div>\n\t\t\t\t<\/div>\n\t\t\t\t\t<\/div>\n\t\t\t\t<\/div>\n\t\t\t\t<\/div>\n\t\t","protected":false},"excerpt":{"rendered":"<p>Der Garantieplan der CLINICHE DENTAL QUALITY erm\u00f6glicht es unseren Patienten, auch nach der R\u00fcckkehr nach Hause beruhigt zu sein, da sie sicher sein k\u00f6nnen, jederzeit auf die Unterst\u00fctzung unseres Teams von Fachleuten z\u00e4hlen zu k\u00f6nnen.<\/p>\n","protected":false},"author":1,"featured_media":6351,"parent":0,"menu_order":0,"comment_status":"closed","ping_status":"closed","template":"","meta":{"footnotes":""},"folder":[23],"class_list":["post-7345","page","type-page","status-publish","has-post-thumbnail","hentry"],"aioseo_notices":[],"_links":{"self":[{"href":"https:\/\/clinichedentalquality.com\/de\/wp-json\/wp\/v2\/pages\/7345","targetHints":{"allow":["GET"]}}],"collection":[{"href":"https:\/\/clinichedentalquality.com\/de\/wp-json\/wp\/v2\/pages"}],"about":[{"href":"https:\/\/clinichedentalquality.com\/de\/wp-json\/wp\/v2\/types\/page"}],"author":[{"embeddable":true,"href":"https:\/\/clinichedentalquality.com\/de\/wp-json\/wp\/v2\/users\/1"}],"replies":[{"embeddable":true,"href":"https:\/\/clinichedentalquality.com\/de\/wp-json\/wp\/v2\/comments?post=7345"}],"version-history":[{"count":4,"href":"https:\/\/clinichedentalquality.com\/de\/wp-json\/wp\/v2\/pages\/7345\/revisions"}],"predecessor-version":[{"id":8299,"href":"https:\/\/clinichedentalquality.com\/de\/wp-json\/wp\/v2\/pages\/7345\/revisions\/8299"}],"wp:featuredmedia":[{"embeddable":true,"href":"https:\/\/clinichedentalquality.com\/de\/wp-json\/wp\/v2\/media\/6351"}],"wp:attachment":[{"href":"https:\/\/clinichedentalquality.com\/de\/wp-json\/wp\/v2\/media?parent=7345"}],"wp:term":[{"taxonomy":"folder","embeddable":true,"href":"https:\/\/clinichedentalquality.com\/de\/wp-json\/wp\/v2\/folder?post=7345"}],"curies":[{"name":"wp","href":"https:\/\/api.w.org\/{rel}","templated":true}]}}